{"id":569,"date":"2022-10-12T18:18:58","date_gmt":"2022-10-12T18:18:58","guid":{"rendered":"https:\/\/arteco13600.fr\/about"},"modified":"2024-02-05T20:39:05","modified_gmt":"2024-02-05T20:39:05","slug":"a-propos","status":"publish","type":"page","link":"https:\/\/arteco13600.fr\/?page_id=569","title":{"rendered":"A propos"},"content":{"rendered":"\t\t<div data-elementor-type=\"wp-page\" data-elementor-id=\"569\" class=\"elementor elementor-569\">\n\t\t\t\t\t\t<section class=\"elementor-section elementor-top-section elementor-element elementor-element-11c92d28 elementor-section-content-middle elementor-section-boxed elementor-section-height-default elementor-section-height-default\" data-id=\"11c92d28\" data-element_type=\"section\" data-e-type=\"section\" data-settings=\"{&quot;background_background&quot;:&quot;classic&quot;}\">\n\t\t\t\t\t\t<div class=\"elementor-container elementor-column-gap-no\">\n\t\t\t\t\t<div class=\"elementor-column elementor-col-50 elementor-top-column elementor-element elementor-element-f1ac636\" data-id=\"f1ac636\" data-element_type=\"column\" data-e-type=\"column\">\n\t\t\t<div class=\"elementor-widget-wrap elementor-element-populated\">\n\t\t\t\t\t\t<div class=\"elementor-element elementor-element-16fd5df2 elementor-widget elementor-widget-heading\" data-id=\"16fd5df2\" data-element_type=\"widget\" data-e-type=\"widget\" data-widget_type=\"heading.default\">\n\t\t\t\t<div class=\"elementor-widget-container\">\n\t\t\t\t\t<h1 class=\"elementor-heading-title elementor-size-xl\"><u>A Propos<\/u><\/h1>\t\t\t\t<\/div>\n\t\t\t\t<\/div>\n\t\t\t\t<div class=\"elementor-element elementor-element-4f4897b2 elementor-widget elementor-widget-text-editor\" data-id=\"4f4897b2\" data-element_type=\"widget\" data-e-type=\"widget\" data-widget_type=\"text-editor.default\">\n\t\t\t\t<div class=\"elementor-widget-container\">\n\t\t\t\t\t\t\t\t\t<p>Art\u2019\u00c9co a \u00e9t\u00e9 cr\u00e9e en 2019.<\/p><p>\u200bJ\u2019ai toujours eu \u00e0 coeur de partager mes valeurs.\u00a0<\/p><p>A travers mes cr\u00e9ations, j\u2019essaye de partager avec mes clients l\u2019esprit d\u2019\u00e9cologie qui me tient tant \u00e0 coeur.\u00a0<\/p><p>\u200bPar \u00e9cologie, j\u2019entends le fait de recycler des objets, des mati\u00e8res ou cr\u00e9er de nouveaux objets qui ont pour but de durer un maximum dans le temps.\u00a0<\/p><p>\u200bJe vous invite \u00e0 d\u00e9couvrir mon univers \u00e0 travers mes cr\u00e9ations que vous pouvez retrouver dans ma boutique.<\/p><p>\u200bN\u2019h\u00e9sitez pas \u00e9galement \u00e0 me suivre sur les r\u00e9seaux sociaux.\u00a0<\/p><p>\u200bA tr\u00e8s vite !\u00a0<\/p><p>M\u00e9lodie<\/p>\t\t\t\t\t\t\t\t<\/div>\n\t\t\t\t<\/div>\n\t\t\t\t\t<\/div>\n\t\t<\/div>\n\t\t\t\t<div class=\"elementor-column elementor-col-50 elementor-top-column elementor-element elementor-element-1bcfda77\" data-id=\"1bcfda77\" data-element_type=\"column\" data-e-type=\"column\">\n\t\t\t<div class=\"elementor-widget-wrap elementor-element-populated\">\n\t\t\t\t\t\t<div class=\"elementor-element elementor-element-54ea5ea6 animated-slow elementor-invisible elementor-widget elementor-widget-image\" data-id=\"54ea5ea6\" data-element_type=\"widget\" data-e-type=\"widget\" data-settings=\"{&quot;_animation&quot;:&quot;slideInLeft&quot;}\" data-widget_type=\"image.default\">\n\t\t\t\t<div class=\"elementor-widget-container\">\n\t\t\t\t\t\t\t\t\t\t\t\t\t\t\t<img fetchpriority=\"high\" decoding=\"async\" width=\"700\" height=\"800\" src=\"https:\/\/arteco13600.fr\/wp-content\/uploads\/2022\/08\/Sans-titre-29.png\" class=\"attachment-full size-full wp-image-382\" alt=\"\" srcset=\"https:\/\/arteco13600.fr\/wp-content\/uploads\/2022\/08\/Sans-titre-29.png 700w, https:\/\/arteco13600.fr\/wp-content\/uploads\/2022\/08\/Sans-titre-29-263x300.png 263w, https:\/\/arteco13600.fr\/wp-content\/uploads\/2022\/08\/Sans-titre-29-300x343.png 300w\" sizes=\"(max-width: 700px) 100vw, 700px\" \/>\t\t\t\t\t\t\t\t\t\t\t\t\t\t\t<\/div>\n\t\t\t\t<\/div>\n\t\t\t\t\t<\/div>\n\t\t<\/div>\n\t\t\t\t\t<\/div>\n\t\t<\/section>\n\t\t\t\t<\/div>\n\t\t","protected":false},"excerpt":{"rendered":"<p>A Propos Art\u2019\u00c9co a \u00e9t\u00e9 cr\u00e9e en 2019. \u200bJ\u2019ai toujours eu \u00e0 coeur de partager mes valeurs.\u00a0 A travers mes cr\u00e9ations, j\u2019essaye de partager avec mes clients l\u2019esprit d\u2019\u00e9cologie qui me tient tant \u00e0 coeur.\u00a0 \u200bPar \u00e9cologie, j\u2019entends le fait de recycler des objets, des mati\u00e8res ou cr\u00e9er de nouveaux objets qui ont pour but de durer un maximum dans le temps.\u00a0 \u200bJe vous invite \u00e0 d\u00e9couvrir mon univers \u00e0 travers mes cr\u00e9ations que vous pouvez retrouver dans ma boutique. \u200bN\u2019h\u00e9sitez pas \u00e9galement \u00e0 me suivre sur les r\u00e9seaux sociaux.\u00a0 \u200bA tr\u00e8s vite !\u00a0 M\u00e9lodie<\/p>\n","protected":false},"author":1,"featured_media":0,"parent":0,"menu_order":0,"comment_status":"closed","ping_status":"closed","template":"elementor_header_footer","meta":{"ngg_post_thumbnail":0,"footnotes":""},"class_list":["post-569","page","type-page","status-publish","hentry"],"yoast_head":"<!-- This site is optimized with the Yoast SEO plugin v27.4 - https:\/\/yoast.com\/product\/yoast-seo-wordpress\/ -->\n<title>A propos -<\/title>\n<meta name=\"robots\" content=\"index, follow, max-snippet:-1, max-image-preview:large, max-video-preview:-1\" \/>\n<link rel=\"canonical\" href=\"https:\/\/arteco13600.fr\/?page_id=569\" \/>\n<meta property=\"og:locale\" content=\"fr_FR\" \/>\n<meta property=\"og:type\" content=\"article\" \/>\n<meta property=\"og:title\" content=\"A propos -\" \/>\n<meta property=\"og:description\" content=\"A Propos Art\u2019\u00c9co a \u00e9t\u00e9 cr\u00e9e en 2019. \u200bJ\u2019ai toujours eu \u00e0 coeur de partager mes valeurs.\u00a0 A travers mes cr\u00e9ations, j\u2019essaye de partager avec mes clients l\u2019esprit d\u2019\u00e9cologie qui me tient tant \u00e0 coeur.\u00a0 \u200bPar \u00e9cologie, j\u2019entends le fait de recycler des objets, des mati\u00e8res ou cr\u00e9er de nouveaux objets qui ont pour but de durer un maximum dans le temps.\u00a0 \u200bJe vous invite \u00e0 d\u00e9couvrir mon univers \u00e0 travers mes cr\u00e9ations que vous pouvez retrouver dans ma boutique. \u200bN\u2019h\u00e9sitez pas \u00e9galement \u00e0 me suivre sur les r\u00e9seaux sociaux.\u00a0 \u200bA tr\u00e8s vite !\u00a0 M\u00e9lodie\" \/>\n<meta property=\"og:url\" content=\"https:\/\/arteco13600.fr\/?page_id=569\" \/>\n<meta property=\"article:publisher\" content=\"https:\/\/www.facebook.fr\/arteco13600\" \/>\n<meta property=\"article:modified_time\" content=\"2024-02-05T20:39:05+00:00\" \/>\n<meta property=\"og:image\" content=\"https:\/\/arteco13600.fr\/wp-content\/uploads\/2022\/08\/Sans-titre-29.png\" \/>\n<meta name=\"twitter:card\" content=\"summary_large_image\" \/>\n<meta name=\"twitter:label1\" content=\"Dur\u00e9e de lecture estim\u00e9e\" \/>\n\t<meta name=\"twitter:data1\" content=\"1 minute\" \/>\n<script type=\"application\/ld+json\" class=\"yoast-schema-graph\">{\"@context\":\"https:\\\/\\\/schema.org\",\"@graph\":[{\"@type\":\"WebPage\",\"@id\":\"https:\\\/\\\/arteco13600.fr\\\/?page_id=569\",\"url\":\"https:\\\/\\\/arteco13600.fr\\\/?page_id=569\",\"name\":\"A propos -\",\"isPartOf\":{\"@id\":\"https:\\\/\\\/arteco13600.fr\\\/#website\"},\"primaryImageOfPage\":{\"@id\":\"https:\\\/\\\/arteco13600.fr\\\/?page_id=569#primaryimage\"},\"image\":{\"@id\":\"https:\\\/\\\/arteco13600.fr\\\/?page_id=569#primaryimage\"},\"thumbnailUrl\":\"https:\\\/\\\/arteco13600.fr\\\/wp-content\\\/uploads\\\/2022\\\/08\\\/Sans-titre-29.png\",\"datePublished\":\"2022-10-12T18:18:58+00:00\",\"dateModified\":\"2024-02-05T20:39:05+00:00\",\"inLanguage\":\"fr-FR\",\"potentialAction\":[{\"@type\":\"ReadAction\",\"target\":[\"https:\\\/\\\/arteco13600.fr\\\/?page_id=569\"]}]},{\"@type\":\"ImageObject\",\"inLanguage\":\"fr-FR\",\"@id\":\"https:\\\/\\\/arteco13600.fr\\\/?page_id=569#primaryimage\",\"url\":\"https:\\\/\\\/arteco13600.fr\\\/wp-content\\\/uploads\\\/2022\\\/08\\\/Sans-titre-29.png\",\"contentUrl\":\"https:\\\/\\\/arteco13600.fr\\\/wp-content\\\/uploads\\\/2022\\\/08\\\/Sans-titre-29.png\",\"width\":700,\"height\":800},{\"@type\":\"WebSite\",\"@id\":\"https:\\\/\\\/arteco13600.fr\\\/#website\",\"url\":\"https:\\\/\\\/arteco13600.fr\\\/\",\"name\":\"Art'\u00c9co\",\"description\":\"\",\"publisher\":{\"@id\":\"https:\\\/\\\/arteco13600.fr\\\/#organization\"},\"potentialAction\":[{\"@type\":\"SearchAction\",\"target\":{\"@type\":\"EntryPoint\",\"urlTemplate\":\"https:\\\/\\\/arteco13600.fr\\\/?s={search_term_string}\"},\"query-input\":{\"@type\":\"PropertyValueSpecification\",\"valueRequired\":true,\"valueName\":\"search_term_string\"}}],\"inLanguage\":\"fr-FR\"},{\"@type\":\"Organization\",\"@id\":\"https:\\\/\\\/arteco13600.fr\\\/#organization\",\"name\":\"Art'\u00c9co\",\"url\":\"https:\\\/\\\/arteco13600.fr\\\/\",\"logo\":{\"@type\":\"ImageObject\",\"inLanguage\":\"fr-FR\",\"@id\":\"https:\\\/\\\/arteco13600.fr\\\/#\\\/schema\\\/logo\\\/image\\\/\",\"url\":\"https:\\\/\\\/arteco13600.fr\\\/wp-content\\\/uploads\\\/2024\\\/02\\\/cropped-cropped-Logo-2024-1.png\",\"contentUrl\":\"https:\\\/\\\/arteco13600.fr\\\/wp-content\\\/uploads\\\/2024\\\/02\\\/cropped-cropped-Logo-2024-1.png\",\"width\":512,\"height\":512,\"caption\":\"Art'\u00c9co\"},\"image\":{\"@id\":\"https:\\\/\\\/arteco13600.fr\\\/#\\\/schema\\\/logo\\\/image\\\/\"},\"sameAs\":[\"https:\\\/\\\/www.facebook.fr\\\/arteco13600\",\"https:\\\/\\\/www.instagram.fr\\\/arteco13600\"]}]}<\/script>\n<!-- \/ Yoast SEO plugin. -->","yoast_head_json":{"title":"A propos -","robots":{"index":"index","follow":"follow","max-snippet":"max-snippet:-1","max-image-preview":"max-image-preview:large","max-video-preview":"max-video-preview:-1"},"canonical":"https:\/\/arteco13600.fr\/?page_id=569","og_locale":"fr_FR","og_type":"article","og_title":"A propos -","og_description":"A Propos Art\u2019\u00c9co a \u00e9t\u00e9 cr\u00e9e en 2019. \u200bJ\u2019ai toujours eu \u00e0 coeur de partager mes valeurs.\u00a0 A travers mes cr\u00e9ations, j\u2019essaye de partager avec mes clients l\u2019esprit d\u2019\u00e9cologie qui me tient tant \u00e0 coeur.\u00a0 \u200bPar \u00e9cologie, j\u2019entends le fait de recycler des objets, des mati\u00e8res ou cr\u00e9er de nouveaux objets qui ont pour but de durer un maximum dans le temps.\u00a0 \u200bJe vous invite \u00e0 d\u00e9couvrir mon univers \u00e0 travers mes cr\u00e9ations que vous pouvez retrouver dans ma boutique. \u200bN\u2019h\u00e9sitez pas \u00e9galement \u00e0 me suivre sur les r\u00e9seaux sociaux.\u00a0 \u200bA tr\u00e8s vite !\u00a0 M\u00e9lodie","og_url":"https:\/\/arteco13600.fr\/?page_id=569","article_publisher":"https:\/\/www.facebook.fr\/arteco13600","article_modified_time":"2024-02-05T20:39:05+00:00","og_image":[{"url":"https:\/\/arteco13600.fr\/wp-content\/uploads\/2022\/08\/Sans-titre-29.png","type":"","width":"","height":""}],"twitter_card":"summary_large_image","twitter_misc":{"Dur\u00e9e de lecture estim\u00e9e":"1 minute"},"schema":{"@context":"https:\/\/schema.org","@graph":[{"@type":"WebPage","@id":"https:\/\/arteco13600.fr\/?page_id=569","url":"https:\/\/arteco13600.fr\/?page_id=569","name":"A propos -","isPartOf":{"@id":"https:\/\/arteco13600.fr\/#website"},"primaryImageOfPage":{"@id":"https:\/\/arteco13600.fr\/?page_id=569#primaryimage"},"image":{"@id":"https:\/\/arteco13600.fr\/?page_id=569#primaryimage"},"thumbnailUrl":"https:\/\/arteco13600.fr\/wp-content\/uploads\/2022\/08\/Sans-titre-29.png","datePublished":"2022-10-12T18:18:58+00:00","dateModified":"2024-02-05T20:39:05+00:00","inLanguage":"fr-FR","potentialAction":[{"@type":"ReadAction","target":["https:\/\/arteco13600.fr\/?page_id=569"]}]},{"@type":"ImageObject","inLanguage":"fr-FR","@id":"https:\/\/arteco13600.fr\/?page_id=569#primaryimage","url":"https:\/\/arteco13600.fr\/wp-content\/uploads\/2022\/08\/Sans-titre-29.png","contentUrl":"https:\/\/arteco13600.fr\/wp-content\/uploads\/2022\/08\/Sans-titre-29.png","width":700,"height":800},{"@type":"WebSite","@id":"https:\/\/arteco13600.fr\/#website","url":"https:\/\/arteco13600.fr\/","name":"Art'\u00c9co","description":"","publisher":{"@id":"https:\/\/arteco13600.fr\/#organization"},"potentialAction":[{"@type":"SearchAction","target":{"@type":"EntryPoint","urlTemplate":"https:\/\/arteco13600.fr\/?s={search_term_string}"},"query-input":{"@type":"PropertyValueSpecification","valueRequired":true,"valueName":"search_term_string"}}],"inLanguage":"fr-FR"},{"@type":"Organization","@id":"https:\/\/arteco13600.fr\/#organization","name":"Art'\u00c9co","url":"https:\/\/arteco13600.fr\/","logo":{"@type":"ImageObject","inLanguage":"fr-FR","@id":"https:\/\/arteco13600.fr\/#\/schema\/logo\/image\/","url":"https:\/\/arteco13600.fr\/wp-content\/uploads\/2024\/02\/cropped-cropped-Logo-2024-1.png","contentUrl":"https:\/\/arteco13600.fr\/wp-content\/uploads\/2024\/02\/cropped-cropped-Logo-2024-1.png","width":512,"height":512,"caption":"Art'\u00c9co"},"image":{"@id":"https:\/\/arteco13600.fr\/#\/schema\/logo\/image\/"},"sameAs":["https:\/\/www.facebook.fr\/arteco13600","https:\/\/www.instagram.fr\/arteco13600"]}]}},"jetpack_sharing_enabled":true,"_links":{"self":[{"href":"https:\/\/arteco13600.fr\/index.php?rest_route=\/wp\/v2\/pages\/569","targetHints":{"allow":["GET"]}}],"collection":[{"href":"https:\/\/arteco13600.fr\/index.php?rest_route=\/wp\/v2\/pages"}],"about":[{"href":"https:\/\/arteco13600.fr\/index.php?rest_route=\/wp\/v2\/types\/page"}],"author":[{"embeddable":true,"href":"https:\/\/arteco13600.fr\/index.php?rest_route=\/wp\/v2\/users\/1"}],"replies":[{"embeddable":true,"href":"https:\/\/arteco13600.fr\/index.php?rest_route=%2Fwp%2Fv2%2Fcomments&post=569"}],"version-history":[{"count":22,"href":"https:\/\/arteco13600.fr\/index.php?rest_route=\/wp\/v2\/pages\/569\/revisions"}],"predecessor-version":[{"id":1380,"href":"https:\/\/arteco13600.fr\/index.php?rest_route=\/wp\/v2\/pages\/569\/revisions\/1380"}],"wp:attachment":[{"href":"https:\/\/arteco13600.fr\/index.php?rest_route=%2Fwp%2Fv2%2Fmedia&parent=569"}],"curies":[{"name":"wp","href":"https:\/\/api.w.org\/{rel}","templated":true}]}}