{"id":1766,"date":"2024-08-25T17:09:25","date_gmt":"2024-08-25T17:09:25","guid":{"rendered":"https:\/\/arteco13600.fr\/?post_type=product&#038;p=1766"},"modified":"2024-08-25T19:41:59","modified_gmt":"2024-08-25T19:41:59","slug":"lightbox-personnalisable","status":"publish","type":"product","link":"https:\/\/arteco13600.fr\/?product=lightbox-personnalisable","title":{"rendered":"Lightbox personnalisable"},"content":{"rendered":"<h1>Lightbox Personnalisable \u2013 Cr\u00e9ez une Ambiance Unique<br \/>\nPr\u00e9sentation :<\/h1>\n<p>Illuminez vos espaces avec notre lightbox personnalisable fait main, qui allie \u00e9l\u00e9gance et fonctionnalit\u00e9. Avec ses dimensions de 22x22x8 cm, cette lightbox est fabriqu\u00e9e avec des mat\u00e9riaux de qualit\u00e9 : bois, papier cartonn\u00e9, vitre en verre ou plexiglass. Le bo\u00eetier \u00e0 piles permet une utilisation sans fil, tout en utilisant un ruban LED r\u00e9glable. Ce qui vous permet de choisir la couleur et l&rsquo;intensit\u00e9 de l&rsquo;\u00e9clairage pour cr\u00e9er l&rsquo;ambiance parfaite.<\/p>\n<h3>Personnalisation compl\u00e8te :<\/h3>\n<p>Choisissez un texte ou un dessin sur un th\u00e8me pr\u00e9cis pour un design unique que vous pouvez envoyer juste avant d&rsquo;ajouter le produit au panier. Que ce soit pour un salon, une chambre, un commerce ou des \u00e9v\u00e9nements sp\u00e9ciaux comme des mariages, cette lightbox s&rsquo;adapte \u00e0 tous vos besoins d\u00e9coratifs, ajoutant une touche personnelle et \u00e9l\u00e9gante \u00e0 chaque espace.<\/p>\n<p>Un produit fait main avec le c\u0153ur :<\/p>\n<p>Je r\u00e9alise avec soin chaque lightbox pour garantir une qualit\u00e9 exceptionnelle et une durabilit\u00e9 dans le temps. J&rsquo;y int\u00e8gre un \u00e9clairage LED, qui, bien que performant, est \u00e9conome en \u00e9nergie, et l&rsquo;option de fonctionnement sur piles permet de r\u00e9duire la consommation d&rsquo;\u00e9lectricit\u00e9 tout en offrant une flexibilit\u00e9 d&rsquo;utilisation.<\/p>\n<h3>Offre sp\u00e9ciale :<\/h3>\n<p>Profitez de notre offre exceptionnelle : une lightbox pour 60 \u20ac ou deux pour 100 \u20ac.<\/p>\n<p>Garantie et service apr\u00e8s-vente :<\/p>\n<p>Nous offrons une garantie de 30 jours apr\u00e8s l&rsquo;achat. En cas de probl\u00e8me, notre service client est \u00e0 votre disposition. Pour un remboursement, la lightbox devra \u00eatre retourn\u00e9e \u00e0 Art&rsquo;Eco aux frais du client, et un avoir sera \u00e9mis.<\/p>\n<h3>\u00c9motion et ambiance :<\/h3>\n<p>Plus qu&rsquo;un simple objet d\u00e9coratif, gr\u00e2ce \u00e0 cette lightbox vous pourrez cr\u00e9er une ambiance chaleureuse ou festive, et vous permettra de vous rem\u00e9morer un souvenir pr\u00e9cieux ou une personne ch\u00e8re. Sa lumi\u00e8re douce et personnalisable transformera vos moments et vos espaces en exp\u00e9riences uniques, rendant chaque instant inoubliable.<\/p>\n<p>Cependant, vous pouvez me contacter en cas de demandes sp\u00e9cifiques ou pour savoir si votre projet est r\u00e9alisable.<\/p>\n<p>Pour plus d&rsquo;informations, rendez-vous sa la page <a href=\"https:\/\/arteco13600.fr\/lightbox\">https:\/\/arteco13600.fr\/lightbox&nbsp;<\/a><\/p>\n","protected":false},"excerpt":{"rendered":"<h3>Lightbox Personnalisable<\/h3>\n<p>Ajoutez une touche unique \u00e0 votre d\u00e9cor avec notre lightbox personnalis\u00e9e. Fabriqu\u00e9e \u00e0 la main avec des mat\u00e9riaux de qualit\u00e9, elle combine bois, papier cartonn\u00e9, verre ou plexiglass. \u00c9quip\u00e9e d\u2019un ruban LED r\u00e9glable en couleur et intensit\u00e9, elle s\u2019adapte \u00e0 vos envies. Que ce soit pour chambres, salons, commerces ou \u00e9v\u00e9nements, cette lightbox cr\u00e9e une ambiance chaleureuse et personnelle.<\/p>\n<p><em><strong>Profitez de notre offre sp\u00e9ciale : 1 lightbox pour 60 \u20ac ou 2 pour 100 \u20ac avec le code promo DUOLB20 .<\/strong><\/em><\/p>\n<p>De plus, elle est garantie 30 jours !<\/p>\n[wordpress_file_upload]\n","protected":false},"featured_media":1535,"comment_status":"open","ping_status":"closed","template":"","meta":{"ngg_post_thumbnail":0},"product_brand":[],"product_cat":[47],"product_tag":[],"class_list":{"0":"post-1766","1":"product","2":"type-product","3":"status-publish","4":"has-post-thumbnail","6":"product_cat-lightbox","8":"first","9":"instock","10":"shipping-taxable","11":"purchasable","12":"product-type-simple"},"yoast_head":"<!-- This site is optimized with the Yoast SEO plugin v27.3 - https:\/\/yoast.com\/product\/yoast-seo-wordpress\/ -->\n<title>Lightbox personnalisable -<\/title>\n<meta name=\"description\" content=\"D\u00e9couvrez notre lightbox personnalisable en bois et verre, avec LED r\u00e9glable. Id\u00e9ale pour d\u00e9co int\u00e9rieure et \u00e9v\u00e9nements. Garantie 30 jours.\" \/>\n<meta name=\"robots\" content=\"index, follow, max-snippet:-1, max-image-preview:large, max-video-preview:-1\" \/>\n<link rel=\"canonical\" href=\"https:\/\/arteco13600.fr\/?product=lightbox-personnalisable\" \/>\n<meta property=\"og:locale\" content=\"fr_FR\" \/>\n<meta property=\"og:type\" content=\"article\" \/>\n<meta property=\"og:title\" content=\"Lightbox personnalisable -\" \/>\n<meta property=\"og:description\" content=\"D\u00e9couvrez notre lightbox personnalisable en bois et verre, avec LED r\u00e9glable. Id\u00e9ale pour d\u00e9co int\u00e9rieure et \u00e9v\u00e9nements. Garantie 30 jours.\" \/>\n<meta property=\"og:url\" content=\"https:\/\/arteco13600.fr\/?product=lightbox-personnalisable\" \/>\n<meta property=\"article:publisher\" content=\"https:\/\/www.facebook.fr\/arteco13600\" \/>\n<meta property=\"article:modified_time\" content=\"2024-08-25T19:41:59+00:00\" \/>\n<meta property=\"og:image\" content=\"https:\/\/arteco13600.fr\/wp-content\/uploads\/2024\/08\/454534461_1167666067792316_1263558575683338830_n.jpg\" \/>\n\t<meta property=\"og:image:width\" content=\"816\" \/>\n\t<meta property=\"og:image:height\" content=\"614\" \/>\n\t<meta property=\"og:image:type\" content=\"image\/jpeg\" \/>\n<meta name=\"twitter:card\" content=\"summary_large_image\" \/>\n<meta name=\"twitter:label1\" content=\"Dur\u00e9e de lecture estim\u00e9e\" \/>\n\t<meta name=\"twitter:data1\" content=\"2 minutes\" \/>\n<script type=\"application\/ld+json\" class=\"yoast-schema-graph\">{\"@context\":\"https:\\\/\\\/schema.org\",\"@graph\":[{\"@type\":\"WebPage\",\"@id\":\"https:\\\/\\\/arteco13600.fr\\\/?product=lightbox-personnalisable\",\"url\":\"https:\\\/\\\/arteco13600.fr\\\/?product=lightbox-personnalisable\",\"name\":\"Lightbox personnalisable -\",\"isPartOf\":{\"@id\":\"https:\\\/\\\/arteco13600.fr\\\/#website\"},\"primaryImageOfPage\":{\"@id\":\"https:\\\/\\\/arteco13600.fr\\\/?product=lightbox-personnalisable#primaryimage\"},\"image\":{\"@id\":\"https:\\\/\\\/arteco13600.fr\\\/?product=lightbox-personnalisable#primaryimage\"},\"thumbnailUrl\":\"https:\\\/\\\/arteco13600.fr\\\/wp-content\\\/uploads\\\/2024\\\/08\\\/454534461_1167666067792316_1263558575683338830_n.jpg\",\"datePublished\":\"2024-08-25T17:09:25+00:00\",\"dateModified\":\"2024-08-25T19:41:59+00:00\",\"description\":\"D\u00e9couvrez notre lightbox personnalisable en bois et verre, avec LED r\u00e9glable. Id\u00e9ale pour d\u00e9co int\u00e9rieure et \u00e9v\u00e9nements. Garantie 30 jours.\",\"breadcrumb\":{\"@id\":\"https:\\\/\\\/arteco13600.fr\\\/?product=lightbox-personnalisable#breadcrumb\"},\"inLanguage\":\"fr-FR\",\"potentialAction\":[{\"@type\":\"ReadAction\",\"target\":[\"https:\\\/\\\/arteco13600.fr\\\/?product=lightbox-personnalisable\"]}]},{\"@type\":\"ImageObject\",\"inLanguage\":\"fr-FR\",\"@id\":\"https:\\\/\\\/arteco13600.fr\\\/?product=lightbox-personnalisable#primaryimage\",\"url\":\"https:\\\/\\\/arteco13600.fr\\\/wp-content\\\/uploads\\\/2024\\\/08\\\/454534461_1167666067792316_1263558575683338830_n.jpg\",\"contentUrl\":\"https:\\\/\\\/arteco13600.fr\\\/wp-content\\\/uploads\\\/2024\\\/08\\\/454534461_1167666067792316_1263558575683338830_n.jpg\",\"width\":816,\"height\":614,\"caption\":\"lightbox personnalisable\"},{\"@type\":\"BreadcrumbList\",\"@id\":\"https:\\\/\\\/arteco13600.fr\\\/?product=lightbox-personnalisable#breadcrumb\",\"itemListElement\":[{\"@type\":\"ListItem\",\"position\":1,\"name\":\"Produits\",\"item\":\"https:\\\/\\\/arteco13600.fr\\\/shop\\\/\"},{\"@type\":\"ListItem\",\"position\":2,\"name\":\"Lightbox personnalisable\"}]},{\"@type\":\"WebSite\",\"@id\":\"https:\\\/\\\/arteco13600.fr\\\/#website\",\"url\":\"https:\\\/\\\/arteco13600.fr\\\/\",\"name\":\"Art'\u00c9co\",\"description\":\"\",\"publisher\":{\"@id\":\"https:\\\/\\\/arteco13600.fr\\\/#organization\"},\"potentialAction\":[{\"@type\":\"SearchAction\",\"target\":{\"@type\":\"EntryPoint\",\"urlTemplate\":\"https:\\\/\\\/arteco13600.fr\\\/?s={search_term_string}\"},\"query-input\":{\"@type\":\"PropertyValueSpecification\",\"valueRequired\":true,\"valueName\":\"search_term_string\"}}],\"inLanguage\":\"fr-FR\"},{\"@type\":\"Organization\",\"@id\":\"https:\\\/\\\/arteco13600.fr\\\/#organization\",\"name\":\"Art'\u00c9co\",\"url\":\"https:\\\/\\\/arteco13600.fr\\\/\",\"logo\":{\"@type\":\"ImageObject\",\"inLanguage\":\"fr-FR\",\"@id\":\"https:\\\/\\\/arteco13600.fr\\\/#\\\/schema\\\/logo\\\/image\\\/\",\"url\":\"https:\\\/\\\/arteco13600.fr\\\/wp-content\\\/uploads\\\/2024\\\/02\\\/cropped-cropped-Logo-2024-1.png\",\"contentUrl\":\"https:\\\/\\\/arteco13600.fr\\\/wp-content\\\/uploads\\\/2024\\\/02\\\/cropped-cropped-Logo-2024-1.png\",\"width\":512,\"height\":512,\"caption\":\"Art'\u00c9co\"},\"image\":{\"@id\":\"https:\\\/\\\/arteco13600.fr\\\/#\\\/schema\\\/logo\\\/image\\\/\"},\"sameAs\":[\"https:\\\/\\\/www.facebook.fr\\\/arteco13600\",\"https:\\\/\\\/www.instagram.fr\\\/arteco13600\"]}]}<\/script>\n<!-- \/ Yoast SEO plugin. -->","yoast_head_json":{"title":"Lightbox personnalisable -","description":"D\u00e9couvrez notre lightbox personnalisable en bois et verre, avec LED r\u00e9glable. Id\u00e9ale pour d\u00e9co int\u00e9rieure et \u00e9v\u00e9nements. Garantie 30 jours.","robots":{"index":"index","follow":"follow","max-snippet":"max-snippet:-1","max-image-preview":"max-image-preview:large","max-video-preview":"max-video-preview:-1"},"canonical":"https:\/\/arteco13600.fr\/?product=lightbox-personnalisable","og_locale":"fr_FR","og_type":"article","og_title":"Lightbox personnalisable -","og_description":"D\u00e9couvrez notre lightbox personnalisable en bois et verre, avec LED r\u00e9glable. Id\u00e9ale pour d\u00e9co int\u00e9rieure et \u00e9v\u00e9nements. Garantie 30 jours.","og_url":"https:\/\/arteco13600.fr\/?product=lightbox-personnalisable","article_publisher":"https:\/\/www.facebook.fr\/arteco13600","article_modified_time":"2024-08-25T19:41:59+00:00","og_image":[{"width":816,"height":614,"url":"https:\/\/arteco13600.fr\/wp-content\/uploads\/2024\/08\/454534461_1167666067792316_1263558575683338830_n.jpg","type":"image\/jpeg"}],"twitter_card":"summary_large_image","twitter_misc":{"Dur\u00e9e de lecture estim\u00e9e":"2 minutes"},"schema":{"@context":"https:\/\/schema.org","@graph":[{"@type":"WebPage","@id":"https:\/\/arteco13600.fr\/?product=lightbox-personnalisable","url":"https:\/\/arteco13600.fr\/?product=lightbox-personnalisable","name":"Lightbox personnalisable -","isPartOf":{"@id":"https:\/\/arteco13600.fr\/#website"},"primaryImageOfPage":{"@id":"https:\/\/arteco13600.fr\/?product=lightbox-personnalisable#primaryimage"},"image":{"@id":"https:\/\/arteco13600.fr\/?product=lightbox-personnalisable#primaryimage"},"thumbnailUrl":"https:\/\/arteco13600.fr\/wp-content\/uploads\/2024\/08\/454534461_1167666067792316_1263558575683338830_n.jpg","datePublished":"2024-08-25T17:09:25+00:00","dateModified":"2024-08-25T19:41:59+00:00","description":"D\u00e9couvrez notre lightbox personnalisable en bois et verre, avec LED r\u00e9glable. Id\u00e9ale pour d\u00e9co int\u00e9rieure et \u00e9v\u00e9nements. Garantie 30 jours.","breadcrumb":{"@id":"https:\/\/arteco13600.fr\/?product=lightbox-personnalisable#breadcrumb"},"inLanguage":"fr-FR","potentialAction":[{"@type":"ReadAction","target":["https:\/\/arteco13600.fr\/?product=lightbox-personnalisable"]}]},{"@type":"ImageObject","inLanguage":"fr-FR","@id":"https:\/\/arteco13600.fr\/?product=lightbox-personnalisable#primaryimage","url":"https:\/\/arteco13600.fr\/wp-content\/uploads\/2024\/08\/454534461_1167666067792316_1263558575683338830_n.jpg","contentUrl":"https:\/\/arteco13600.fr\/wp-content\/uploads\/2024\/08\/454534461_1167666067792316_1263558575683338830_n.jpg","width":816,"height":614,"caption":"lightbox personnalisable"},{"@type":"BreadcrumbList","@id":"https:\/\/arteco13600.fr\/?product=lightbox-personnalisable#breadcrumb","itemListElement":[{"@type":"ListItem","position":1,"name":"Produits","item":"https:\/\/arteco13600.fr\/shop\/"},{"@type":"ListItem","position":2,"name":"Lightbox personnalisable"}]},{"@type":"WebSite","@id":"https:\/\/arteco13600.fr\/#website","url":"https:\/\/arteco13600.fr\/","name":"Art'\u00c9co","description":"","publisher":{"@id":"https:\/\/arteco13600.fr\/#organization"},"potentialAction":[{"@type":"SearchAction","target":{"@type":"EntryPoint","urlTemplate":"https:\/\/arteco13600.fr\/?s={search_term_string}"},"query-input":{"@type":"PropertyValueSpecification","valueRequired":true,"valueName":"search_term_string"}}],"inLanguage":"fr-FR"},{"@type":"Organization","@id":"https:\/\/arteco13600.fr\/#organization","name":"Art'\u00c9co","url":"https:\/\/arteco13600.fr\/","logo":{"@type":"ImageObject","inLanguage":"fr-FR","@id":"https:\/\/arteco13600.fr\/#\/schema\/logo\/image\/","url":"https:\/\/arteco13600.fr\/wp-content\/uploads\/2024\/02\/cropped-cropped-Logo-2024-1.png","contentUrl":"https:\/\/arteco13600.fr\/wp-content\/uploads\/2024\/02\/cropped-cropped-Logo-2024-1.png","width":512,"height":512,"caption":"Art'\u00c9co"},"image":{"@id":"https:\/\/arteco13600.fr\/#\/schema\/logo\/image\/"},"sameAs":["https:\/\/www.facebook.fr\/arteco13600","https:\/\/www.instagram.fr\/arteco13600"]}]}},"jetpack_sharing_enabled":true,"_links":{"self":[{"href":"https:\/\/arteco13600.fr\/index.php?rest_route=\/wp\/v2\/product\/1766","targetHints":{"allow":["GET"]}}],"collection":[{"href":"https:\/\/arteco13600.fr\/index.php?rest_route=\/wp\/v2\/product"}],"about":[{"href":"https:\/\/arteco13600.fr\/index.php?rest_route=\/wp\/v2\/types\/product"}],"replies":[{"embeddable":true,"href":"https:\/\/arteco13600.fr\/index.php?rest_route=%2Fwp%2Fv2%2Fcomments&post=1766"}],"wp:featuredmedia":[{"embeddable":true,"href":"https:\/\/arteco13600.fr\/index.php?rest_route=\/wp\/v2\/media\/1535"}],"wp:attachment":[{"href":"https:\/\/arteco13600.fr\/index.php?rest_route=%2Fwp%2Fv2%2Fmedia&parent=1766"}],"wp:term":[{"taxonomy":"product_brand","embeddable":true,"href":"https:\/\/arteco13600.fr\/index.php?rest_route=%2Fwp%2Fv2%2Fproduct_brand&post=1766"},{"taxonomy":"product_cat","embeddable":true,"href":"https:\/\/arteco13600.fr\/index.php?rest_route=%2Fwp%2Fv2%2Fproduct_cat&post=1766"},{"taxonomy":"product_tag","embeddable":true,"href":"https:\/\/arteco13600.fr\/index.php?rest_route=%2Fwp%2Fv2%2Fproduct_tag&post=1766"}],"curies":[{"name":"wp","href":"https:\/\/api.w.org\/{rel}","templated":true}]}}